{"id":24,"date":"2026-02-25T18:39:28","date_gmt":"2026-02-26T00:39:28","guid":{"rendered":"https:\/\/centrovozyderecho.lat\/?page_id=24"},"modified":"2026-02-25T18:54:59","modified_gmt":"2026-02-26T00:54:59","slug":"programas","status":"publish","type":"page","link":"https:\/\/centrovozyderecho.lat\/?page_id=24","title":{"rendered":"Programas"},"content":{"rendered":"\n<hr class=\"wp-block-separator has-alpha-channel-opacity\"\/>\n\n\n\n<hr class=\"wp-block-separator has-alpha-channel-opacity\"\/>\n\n\n\n<hr class=\"wp-block-separator has-alpha-channel-opacity\"\/>\n\n\n\n<p><strong>1) Escuela de Derechos<\/strong><br>Capacitaciones en derechos b\u00e1sicos, rutas de denuncia, negociaci\u00f3n con instituciones, y herramientas para documentar casos de abuso o discriminaci\u00f3n.<\/p>\n\n\n\n<figure class=\"wp-block-image size-full is-resized\"><img loading=\"lazy\" decoding=\"async\" width=\"800\" height=\"533\" src=\"https:\/\/centrovozyderecho.lat\/wp-content\/uploads\/2026\/02\/pueblos-originarios-MCD.jpg\" alt=\"\" class=\"wp-image-25\" style=\"aspect-ratio:1.5009817467820523;width:395px;height:auto\" srcset=\"https:\/\/centrovozyderecho.lat\/wp-content\/uploads\/2026\/02\/pueblos-originarios-MCD.jpg 800w, https:\/\/centrovozyderecho.lat\/wp-content\/uploads\/2026\/02\/pueblos-originarios-MCD-300x200.jpg 300w, https:\/\/centrovozyderecho.lat\/wp-content\/uploads\/2026\/02\/pueblos-originarios-MCD-768x512.jpg 768w\" sizes=\"auto, (max-width: 800px) 100vw, 800px\" \/><\/figure>\n\n\n\n<p><strong>2) Tejido Protegido <\/strong><br>Acompa\u00f1amos a mujeres y colectivos textiles ante el robo de dise\u00f1os, el uso sin permiso y la apropiaci\u00f3n de su identidad por empresas. Trabajamos con documentaci\u00f3n, estrategias de protecci\u00f3n y conexi\u00f3n con redes de comercio justo.<\/p>\n\n\n\n<figure class=\"wp-block-image size-large is-resized\"><img loading=\"lazy\" decoding=\"async\" width=\"1024\" height=\"512\" src=\"https:\/\/centrovozyderecho.lat\/wp-content\/uploads\/2026\/02\/Captura-de-pantalla-2025-11-20-185720-1140x570-1-1024x512.png\" alt=\"\" class=\"wp-image-26\" style=\"width:404px;height:auto\" srcset=\"https:\/\/centrovozyderecho.lat\/wp-content\/uploads\/2026\/02\/Captura-de-pantalla-2025-11-20-185720-1140x570-1-1024x512.png 1024w, https:\/\/centrovozyderecho.lat\/wp-content\/uploads\/2026\/02\/Captura-de-pantalla-2025-11-20-185720-1140x570-1-300x150.png 300w, https:\/\/centrovozyderecho.lat\/wp-content\/uploads\/2026\/02\/Captura-de-pantalla-2025-11-20-185720-1140x570-1-768x384.png 768w, https:\/\/centrovozyderecho.lat\/wp-content\/uploads\/2026\/02\/Captura-de-pantalla-2025-11-20-185720-1140x570-1.png 1140w\" sizes=\"auto, (max-width: 1024px) 100vw, 1024px\" \/><\/figure>\n\n\n\n<p><strong>3) Incidencia y Di\u00e1logo<\/strong><br>Creamos puentes entre comunidades y autoridades para que las decisiones comunitarias se respeten, y para que los conflictos no se resuelvan con violencia ni silencio.<\/p>\n\n\n\n<figure class=\"wp-block-image size-large is-resized\"><img loading=\"lazy\" decoding=\"async\" width=\"1024\" height=\"683\" src=\"https:\/\/centrovozyderecho.lat\/wp-content\/uploads\/2026\/02\/WhatsApp-Image-2024-05-31-at-5.33.59-PM-5-1024x683.jpeg\" alt=\"\" class=\"wp-image-27\" style=\"aspect-ratio:1.499291758980133;width:413px;height:auto\" srcset=\"https:\/\/centrovozyderecho.lat\/wp-content\/uploads\/2026\/02\/WhatsApp-Image-2024-05-31-at-5.33.59-PM-5-1024x683.jpeg 1024w, https:\/\/centrovozyderecho.lat\/wp-content\/uploads\/2026\/02\/WhatsApp-Image-2024-05-31-at-5.33.59-PM-5-300x200.jpeg 300w, https:\/\/centrovozyderecho.lat\/wp-content\/uploads\/2026\/02\/WhatsApp-Image-2024-05-31-at-5.33.59-PM-5-768x512.jpeg 768w, https:\/\/centrovozyderecho.lat\/wp-content\/uploads\/2026\/02\/WhatsApp-Image-2024-05-31-at-5.33.59-PM-5-1536x1024.jpeg 1536w, https:\/\/centrovozyderecho.lat\/wp-content\/uploads\/2026\/02\/WhatsApp-Image-2024-05-31-at-5.33.59-PM-5.jpeg 1600w\" sizes=\"auto, (max-width: 1024px) 100vw, 1024px\" \/><\/figure>\n\n\n\n<p><\/p>\n\n\n\n<hr class=\"wp-block-separator has-alpha-channel-opacity\"\/>\n\n\n\n<hr class=\"wp-block-separator has-alpha-channel-opacity\"\/>\n\n\n\n<hr class=\"wp-block-separator has-alpha-channel-opacity\"\/>\n\n\n\n<hr class=\"wp-block-separator has-alpha-channel-opacity\"\/>\n\n\n\n<hr class=\"wp-block-separator has-alpha-channel-opacity\"\/>\n\n\n\n<hr class=\"wp-block-separator has-alpha-channel-opacity\"\/>\n","protected":false},"excerpt":{"rendered":"<p>1) Escuela de DerechosCapacitaciones en derechos b\u00e1sicos, rutas de denuncia, negociaci\u00f3n con instituciones, y herramientas para documentar casos de abuso o discriminaci\u00f3n. 2) Tejido Protegido Acompa\u00f1amos a mujeres y colectivos textiles ante el robo de dise\u00f1os, el uso sin permiso y la apropiaci\u00f3n de su identidad por empresas. Trabajamos con documentaci\u00f3n, estrategias de protecci\u00f3n y [&hellip;]<\/p>\n","protected":false},"author":1,"featured_media":0,"parent":0,"menu_order":0,"comment_status":"closed","ping_status":"closed","template":"fondo-textura","meta":{"footnotes":""},"class_list":["post-24","page","type-page","status-publish","hentry"],"_links":{"self":[{"href":"https:\/\/centrovozyderecho.lat\/index.php?rest_route=\/wp\/v2\/pages\/24","targetHints":{"allow":["GET"]}}],"collection":[{"href":"https:\/\/centrovozyderecho.lat\/index.php?rest_route=\/wp\/v2\/pages"}],"about":[{"href":"https:\/\/centrovozyderecho.lat\/index.php?rest_route=\/wp\/v2\/types\/page"}],"author":[{"embeddable":true,"href":"https:\/\/centrovozyderecho.lat\/index.php?rest_route=\/wp\/v2\/users\/1"}],"replies":[{"embeddable":true,"href":"https:\/\/centrovozyderecho.lat\/index.php?rest_route=%2Fwp%2Fv2%2Fcomments&post=24"}],"version-history":[{"count":5,"href":"https:\/\/centrovozyderecho.lat\/index.php?rest_route=\/wp\/v2\/pages\/24\/revisions"}],"predecessor-version":[{"id":39,"href":"https:\/\/centrovozyderecho.lat\/index.php?rest_route=\/wp\/v2\/pages\/24\/revisions\/39"}],"wp:attachment":[{"href":"https:\/\/centrovozyderecho.lat\/index.php?rest_route=%2Fwp%2Fv2%2Fmedia&parent=24"}],"curies":[{"name":"wp","href":"https:\/\/api.w.org\/{rel}","templated":true}]}}