{"id":40,"date":"2026-02-25T19:12:54","date_gmt":"2026-02-26T01:12:54","guid":{"rendered":"https:\/\/centrovozyderecho.lat\/?page_id=40"},"modified":"2026-02-25T19:13:26","modified_gmt":"2026-02-26T01:13:26","slug":"recursos","status":"publish","type":"page","link":"https:\/\/centrovozyderecho.lat\/?page_id=40","title":{"rendered":"Recursos"},"content":{"rendered":"\n<p>Aqu\u00ed publicamos gu\u00edas claras y materiales para descargar, pensados para l\u00edderes comunitarios, j\u00f3venes voluntarios y colectivos textiles.<\/p>\n\n\n\n<hr class=\"wp-block-separator has-alpha-channel-opacity\"\/>\n\n\n\n<div data-wp-interactive=\"core\/file\" class=\"wp-block-file\"><object data-wp-bind--hidden=\"!state.hasPdfPreview\" hidden class=\"wp-block-file__embed\" data=\"https:\/\/centrovozyderecho.lat\/wp-content\/uploads\/2026\/02\/Como-documentar-un-caso-y-armar-evidencia.pdf\" type=\"application\/pdf\" style=\"width:100%;height:200px\" aria-label=\"Embed of C\u00f3mo documentar un caso y armar evidencia.\"><\/object><a id=\"wp-block-file--media-c5fa37fe-c601-4536-8308-3e22db02fdfc\" href=\"https:\/\/centrovozyderecho.lat\/wp-content\/uploads\/2026\/02\/Como-documentar-un-caso-y-armar-evidencia.pdf\">C\u00f3mo documentar un caso y armar evidencia<\/a><a href=\"https:\/\/centrovozyderecho.lat\/wp-content\/uploads\/2026\/02\/Como-documentar-un-caso-y-armar-evidencia.pdf\" class=\"wp-block-file__button wp-element-button\" download aria-describedby=\"wp-block-file--media-c5fa37fe-c601-4536-8308-3e22db02fdfc\">Descargar<\/a><\/div>\n\n\n\n<div data-wp-interactive=\"core\/file\" class=\"wp-block-file\"><object data-wp-bind--hidden=\"!state.hasPdfPreview\" hidden class=\"wp-block-file__embed\" data=\"https:\/\/centrovozyderecho.lat\/wp-content\/uploads\/2026\/02\/Que-decir-en-una-reunion-con-una-institucion.pdf\" type=\"application\/pdf\" style=\"width:100%;height:200px\" aria-label=\"Embed of Qu\u00e9 decir en una reuni\u00f3n con una instituci\u00f3n.\"><\/object><a id=\"wp-block-file--media-eda6c355-08ae-438f-b938-10a4223034ad\" href=\"https:\/\/centrovozyderecho.lat\/wp-content\/uploads\/2026\/02\/Que-decir-en-una-reunion-con-una-institucion.pdf\">Qu\u00e9 decir en una reuni\u00f3n con una instituci\u00f3n<\/a><a href=\"https:\/\/centrovozyderecho.lat\/wp-content\/uploads\/2026\/02\/Que-decir-en-una-reunion-con-una-institucion.pdf\" class=\"wp-block-file__button wp-element-button\" download aria-describedby=\"wp-block-file--media-eda6c355-08ae-438f-b938-10a4223034ad\">Descargar<\/a><\/div>\n\n\n\n<div data-wp-interactive=\"core\/file\" class=\"wp-block-file\"><object data-wp-bind--hidden=\"!state.hasPdfPreview\" hidden class=\"wp-block-file__embed\" data=\"https:\/\/centrovozyderecho.lat\/wp-content\/uploads\/2026\/02\/Como-proteger-un-diseno-textil.pdf\" type=\"application\/pdf\" style=\"width:100%;height:200px\" aria-label=\"Embed of C\u00f3mo proteger un dise\u00f1o textil.\"><\/object><a id=\"wp-block-file--media-5383795c-b1e1-4a01-abd7-4e8fd2464c5b\" href=\"https:\/\/centrovozyderecho.lat\/wp-content\/uploads\/2026\/02\/Como-proteger-un-diseno-textil.pdf\">C\u00f3mo proteger un dise\u00f1o textil<\/a><a href=\"https:\/\/centrovozyderecho.lat\/wp-content\/uploads\/2026\/02\/Como-proteger-un-diseno-textil.pdf\" class=\"wp-block-file__button wp-element-button\" download aria-describedby=\"wp-block-file--media-5383795c-b1e1-4a01-abd7-4e8fd2464c5b\">Descargar<\/a><\/div>\n\n\n\n<div data-wp-interactive=\"core\/file\" class=\"wp-block-file\"><object data-wp-bind--hidden=\"!state.hasPdfPreview\" hidden class=\"wp-block-file__embed\" data=\"https:\/\/centrovozyderecho.lat\/wp-content\/uploads\/2026\/02\/Glosario-de-derechos.pdf\" type=\"application\/pdf\" style=\"width:100%;height:200px\" aria-label=\"Embed of Glosario de derechos.\"><\/object><a id=\"wp-block-file--media-98a5df0d-3d83-4a27-b82f-8a2490c2cbb5\" href=\"https:\/\/centrovozyderecho.lat\/wp-content\/uploads\/2026\/02\/Glosario-de-derechos.pdf\">Glosario de derechos<\/a><a href=\"https:\/\/centrovozyderecho.lat\/wp-content\/uploads\/2026\/02\/Glosario-de-derechos.pdf\" class=\"wp-block-file__button wp-element-button\" download aria-describedby=\"wp-block-file--media-98a5df0d-3d83-4a27-b82f-8a2490c2cbb5\">Descargar<\/a><\/div>\n","protected":false},"excerpt":{"rendered":"<p>Aqu\u00ed publicamos gu\u00edas claras y materiales para descargar, pensados para l\u00edderes comunitarios, j\u00f3venes voluntarios y colectivos textiles.<\/p>\n","protected":false},"author":1,"featured_media":0,"parent":0,"menu_order":0,"comment_status":"closed","ping_status":"closed","template":"fondo-solo-hoja","meta":{"footnotes":""},"class_list":["post-40","page","type-page","status-publish","hentry"],"_links":{"self":[{"href":"https:\/\/centrovozyderecho.lat\/index.php?rest_route=\/wp\/v2\/pages\/40","targetHints":{"allow":["GET"]}}],"collection":[{"href":"https:\/\/centrovozyderecho.lat\/index.php?rest_route=\/wp\/v2\/pages"}],"about":[{"href":"https:\/\/centrovozyderecho.lat\/index.php?rest_route=\/wp\/v2\/types\/page"}],"author":[{"embeddable":true,"href":"https:\/\/centrovozyderecho.lat\/index.php?rest_route=\/wp\/v2\/users\/1"}],"replies":[{"embeddable":true,"href":"https:\/\/centrovozyderecho.lat\/index.php?rest_route=%2Fwp%2Fv2%2Fcomments&post=40"}],"version-history":[{"count":3,"href":"https:\/\/centrovozyderecho.lat\/index.php?rest_route=\/wp\/v2\/pages\/40\/revisions"}],"predecessor-version":[{"id":53,"href":"https:\/\/centrovozyderecho.lat\/index.php?rest_route=\/wp\/v2\/pages\/40\/revisions\/53"}],"wp:attachment":[{"href":"https:\/\/centrovozyderecho.lat\/index.php?rest_route=%2Fwp%2Fv2%2Fmedia&parent=40"}],"curies":[{"name":"wp","href":"https:\/\/api.w.org\/{rel}","templated":true}]}}